{"id":3934,"date":"2017-09-29T15:54:33","date_gmt":"2017-09-29T15:54:33","guid":{"rendered":"https:\/\/guruvet.com\/politica-de-privacidad\/"},"modified":"2021-02-09T11:03:54","modified_gmt":"2021-02-09T11:03:54","slug":"politica-de-privacidad","status":"publish","type":"page","link":"https:\/\/guruvet.com\/es\/politica-de-privacidad\/","title":{"rendered":"Pol\u00edtica de privacidad"},"content":{"rendered":"<\/div><\/div><\/div><!-- close content main div --><\/div><\/div><div id='av_section_1' class='avia-section main_color avia-section-default avia-no-shadow avia-bg-style-scroll   container_wrap sidebar_right' style='background-repeat: no-repeat; background-image: url(https:\/\/guruvet.com\/wp-content\/uploads\/2017\/02\/banner-top-1-1.jpg);background-attachment: scroll; background-position: top right;  '  data-section-bg-repeat='no-repeat' style='background-repeat: no-repeat; background-image: url(https:\/\/guruvet.com\/wp-content\/uploads\/2017\/02\/banner-top-1-1.jpg);background-attachment: scroll; background-position: top right;  ' ><div class='container' ><div class='template-page content  av-content-small alpha units'><div class='post-entry post-entry-type-page post-entry-3934'><div class='entry-content-wrapper clearfix'>\n<div style='padding-bottom:10px; color:#138072;' class='av-special-heading av-special-heading-h1 custom-color-heading blockquote modern-quote   '><h1 class='av-special-heading-tag '  itemprop=\"headline\"  >Pol\u00edtica de privacidad<\/h1><div class='special-heading-border'><div class='special-heading-inner-border' style='border-color:#138072'><\/div><\/div><\/div>\n<div style=' margin-top:10px; margin-bottom:10px;'  class='hr hr-custom hr-left hr-icon-no  '><span class='hr-inner   inner-border-av-border-fat' style=' width:50px; border-color:#138072;' ><span class='hr-inner-style'><\/span><\/span><\/div>\n<\/div><\/div><\/div><!-- close content main div --><\/div><\/div><div id='after_section_1' class='main_color av_default_container_wrap container_wrap sidebar_right' style=' '   style=' ' ><div class='container' ><div class='template-page content  av-content-small alpha units'><div class='post-entry post-entry-type-page post-entry-3934'><div class='entry-content-wrapper clearfix'>\n<div class=\"flex_column av_one_full  flex_column_div av-zero-column-padding first  \" style='border-radius:0px; '><section class=\"av_textblock_section \"  itemscope=\"itemscope\" itemtype=\"https:\/\/schema.org\/CreativeWork\" ><div class='avia_textblock  av_inherit_color '  style='color:#565656; '  itemprop=\"text\" ><p>Versi\u00f3n 2019<br \/>\nTRATAMIENTO DE LA INFORMACI\u00d3N<\/p>\n<p>GuruVet est\u00e1 comprometido con la privacidad de los datos e informaci\u00f3n personal de los USUARIOS y CL\u00cdNICAS del SISTEMA, disponibles en www.guruvet.es. El objetivo de esta \u00abPol\u00edtica de Privacidad y Tratamiento de la Informaci\u00f3n\u00bb es poner a la disposici\u00f3n de los USUARIOS y CL\u00cdNICAS del SISTEMA, de forma transparente y legible, toda la informaci\u00f3n y operaciones realizadas en el marco, sobre las t\u00e9cnicas y m\u00e9todos que se utilizan para la recogida, el uso, el acceso, la correcci\u00f3n y el intercambio de informaci\u00f3n personal.<br \/>\nEsta Pol\u00edtica de Privacidad y Tratamiento de la Informaci\u00f3n dispone sobre la forma de protecci\u00f3n de las informaciones y de los datos puestos a la disposici\u00f3n por los USUARIOS y CL\u00cdNICAS teniendo como base las normas y los Principios Internacionales y Nacionales relacionados con este tema, sobre todo las disposiciones de la ley que establece principios, garant\u00edas, derechos y deberes para el uso de Internet.<\/p>\n<p>1. Consideraciones iniciales<br \/>\nEl SISTEMA disponible en el site web www.guruvet.es es un programa inform\u00e1tico alojado en una plataforma electr\u00f3nica que proporciona espacios sistematizados para que los USUARIOS, empresas de prestaci\u00f3n de servicios o veterinarios, puedan realizar la gesti\u00f3n administrativa y cl\u00ednica.<br \/>\nEl SISTEMA fue creado y es mantenido por la empresa PONTUAL &#8211; Soluciones Inform\u00e1ticas Industriales, Lda., Constituido bajo las leyes Portuguesas, NIPC 503089982, direcci\u00f3n Rua Zona Industrial, n\u00ba250, 4529-115, Espargo &#8211; Santa Maria da Feira.<\/p>\n<p>2. Identificaci\u00f3n<br \/>\nLa identificaci\u00f3n del USUARIO y CL\u00cdNICA en el SISTEMA se realiza por medio de la inscripci\u00f3n de su direcci\u00f3n de e-mail y contrase\u00f1a de identificaci\u00f3n en los campos correspondientes, disponibles en el site web www.guruvet.es. La contrase\u00f1a de identificaci\u00f3n no debe ser compartida o revelada a terceros.<br \/>\nEL USUARIO es consciente de su responsabilidad sobre cualquier operaci\u00f3n realizada en el SISTEMA a trav\u00e9s de su direcci\u00f3n de correo electr\u00f3nico y contrase\u00f1a de identificaci\u00f3n. En caso de que el USUARIO o CLINICA verificar o desconfiar del uso indebido de su direcci\u00f3n de e-mail y contrase\u00f1a de identificaci\u00f3n por terceros no autorizados, deber\u00e1 informar al GuruVet a trav\u00e9s de la direcci\u00f3n de correo electr\u00f3nico soporte@guruvet.es. En este caso, se recomienda, adem\u00e1s, que el USUARIO o CLINICA cambie su contrase\u00f1a de identificaci\u00f3n.<br \/>\nLa direcci\u00f3n de correo electr\u00f3nico indicada por el USUARIO o CLINICA no puede asemejarse al nombre \u00abGURUVET\u00bb y \/ o t\u00e9rminos relacionados. Al USUARIO o CL\u00cdNICA no ser\u00e1 permitido el uso de nombres, apellidos o expresiones ofensivas en el site www.guruvet.es.<\/p>\n<p>3. Informaci\u00f3n<br \/>\nGURUVET est\u00e1 comprometido con la privacidad de los datos personales de los USUARIOS y CLINICAS registrados en el SISTEMA, confiriendo a los mismos los est\u00e1ndares de seguridad necesarios para la recogida y custodia de la informaci\u00f3n y asegurando los principios \u00e9ticos de transparencia en el tratamiento, control y uso de dicha informaci\u00f3n.\u00a0GURUVET tiene como pr\u00e1ctica recopilar la informaci\u00f3n y los datos necesarios para posibilitar la consecuci\u00f3n de las finalidades del SISTEMA y de los servicios disponibles.<br \/>\nLa informaci\u00f3n personal se procesa de manera individualizada y s\u00f3lo con fines de naturaleza comercial, operacional y de informaci\u00f3n para el SISTEMA. Cualquier uso de datos personales que implique la transmisi\u00f3n a terceros no ser\u00e1 tratada de forma individualizada, excepto en los siguientes casos: por determinaci\u00f3n judicial solicitando datos de USUARIOS; por la necesaria identificaci\u00f3n de USUARIOS que hagan uso del SISTEMA con prop\u00f3sitos il\u00edcitos o ofensivos; y \/ o otros casos dispuestos en esta Pol\u00edtica o en la legislaci\u00f3n vigente.<\/p>\n<p>4. Enlaces a sitios de terceros<br \/>\nEl site web www.guruvet.es puede contener enlaces para site de terceros. GURUVET no se responsabiliza por el contenido o la seguridad de la informaci\u00f3n del USUARIO o CL\u00cdNICA cuando accede a site de terceros, ya que estos pueden disponer de pol\u00edticas de privacidad propias sobre el tratamiento de la informaci\u00f3n.<\/p>\n<p>5. Integridad de datos personales<br \/>\nGURUVET no modifica ni altera los datos e informaciones personales proporcionados por sus USUARIOS y CL\u00cdNICAS, siendo, por lo tanto, los \u00fanicos responsables de la veracidad de la informaci\u00f3n que se registre en el SISTEMA. USUARIO o CLINICA declara ser consciente de que GURUVET no asume ninguna responsabilidad en caso de p\u00e9rdida, robo, alteraci\u00f3n o uso indebido de cualquier informaci\u00f3n y contenido disponible en el SISTEMA y en cualquier p\u00e1gina del site web www.guruvet.es, as\u00ed como no se responsabiliza por cualquier uso indebido de la direcci\u00f3n de e-mail y contrase\u00f1a de identificaci\u00f3n.<\/p>\n<p>6. Alcance y limitaciones<br \/>\nLa Pol\u00edtica de Privacidad y Tratamiento de la Informaci\u00f3n de GURUVET abarca la recepcion, tratamiento y transmisi\u00f3n de datos en el SISTEMA.\u00a0As\u00ed, GURUVET informa que realizar\u00e1 todos los esfuerzos para garantizar la idoneidad y calificaci\u00f3n de los socios y proveedores, que se contraten para acceso, divulgaci\u00f3n y disponibilidad en el SISTEMA.<\/p>\n<p>7. Transparencia<br \/>\nSiempre que el USUARIO o CLINICA entienda conveniente, puede acceder a esta Pol\u00edtica de Privacidad y Tratamiento de la Informaci\u00f3n, basta que haga clic en el enlace \u00abPrivacidad\u00bb en el site web www.guruvet.es.<\/p>\n<p>8. Comunicaci\u00f3n<br \/>\nGURUVET reitera su preocupaci\u00f3n por la privacidad y el tratamiento de los datos personales de los USUARIOS y CLINICAS ofreciendo para ellos una direcci\u00f3n de correo electr\u00f3nico propia para la comunicaci\u00f3n con los USUARIOS y CLINICAS (soporte@guruvet.es), para tratar asuntos relacionados con el SISTEMA y con la Pol\u00edtica de Privacidad y Tratamiento de la Informaci\u00f3n.<\/p>\n<p>9. Modificaci\u00f3n y vigencia<br \/>\nOcasionalmente, puede haber la necesidad de alterar, modificar o complementar algunos detalles en esta Pol\u00edtica. Si GURUVET desea efectuar alg\u00fan cambio sustancial en esta Pol\u00edtica, publicar\u00e1 una nueva versi\u00f3n en el site web www.guruvet.es. En caso de que el USUARIO o CLINICA no est\u00e9 de acuerdo con los cambios publicados, podr\u00e1 solicitar, libremente y sin penalizaci\u00f3n, su exclusi\u00f3n del SISTEMA de GURUVET.<\/p>\n<p>La presente Pol\u00edtica de Privacidad y Tratamiento de la Informaci\u00f3n establece un compromiso de cumplimiento de todos los \u00edtems arriba descritos por GURUVET.<\/p>\n<p>Contacto: comercial@guruvet.es<\/p>\n<\/div><\/section><\/div><\/div><\/div><\/div><!-- close content main div --><\/div><\/div><div id='support' class='avia-section main_color avia-section-no-padding avia-no-border-styling avia-bg-style-scroll   container_wrap sidebar_right' style='background-color: #ffffff;  '   style='background-color: #ffffff;  ' ><div class='container' ><div class='template-page content  av-content-small alpha units'><div class='post-entry post-entry-type-page post-entry-3934'><div class='entry-content-wrapper clearfix'>\n<div style=' margin-top:30px; margin-bottom:30px;'  class='hr hr-custom hr-center hr-icon-no  '><span class='hr-inner   inner-border-av-border-fat' style=' width:50px; border-color:#ffffff;' ><span class='hr-inner-style'><\/span><\/span><\/div>\n<div style='padding-bottom:0px; color:#118b7d;font-size:40px;' class='av-special-heading av-special-heading-h1 custom-color-heading blockquote modern-quote modern-centered  av-inherit-size '><h1 class='av-special-heading-tag '  itemprop=\"headline\"  >\u00bfTiene Dudas?<\/h1><div class='special-heading-border'><div class='special-heading-inner-border' style='border-color:#118b7d'><\/div><\/div><\/div>\n<div class=\"flex_column av_one_fifth  flex_column_div av-zero-column-padding first  \" style='border-radius:0px; '><\/div><div class=\"flex_column av_three_fifth  flex_column_div av-zero-column-padding   \" style='border-radius:0px; '><section class=\"av_textblock_section \"  itemscope=\"itemscope\" itemtype=\"https:\/\/schema.org\/CreativeWork\" ><div class='avia_textblock  '   itemprop=\"text\" ><p style=\"text-align: center;\">\u00a1Hable directamente con nosotros a trav\u00e9s del chat en la esquina inferior izquierda o consulte los diversos recursos que tenemos para aclarar todas sus dudas!<\/p>\n<\/div><\/section><\/div><div class=\"flex_column av_one_fifth  flex_column_div av-zero-column-padding   \" style='border-radius:0px; '><\/div><\/div><\/div><\/div><!-- close content main div --><\/div><\/div><div id='after_section_2' class='main_color av_default_container_wrap container_wrap sidebar_right' style=' '   style=' ' ><div class='container' ><div class='template-page content  av-content-small alpha units'><div class='post-entry post-entry-type-page post-entry-3934'><div class='entry-content-wrapper clearfix'><\/div><\/div><\/div><!-- close content main div --><\/div><\/div><div id='feature-list' class='avia-section main_color avia-section-large avia-no-border-styling avia-bg-style-scroll   av-arrow-down-section container_wrap sidebar_right' style='background-color: #ffffff;  '   style='background-color: #ffffff;  ' ><div class='container' ><div class='template-page content  av-content-small alpha units'><div class='post-entry post-entry-type-page post-entry-3934'><div class='entry-content-wrapper clearfix'>\n<div class=\"flex_column av_one_third  av-animated-generic bottom-to-top  flex_column_div av-zero-column-padding first  \" style='border-radius:0px; '><article class=\"iconbox iconbox_left_content    \"  itemscope=\"itemscope\" itemtype=\"https:\/\/schema.org\/CreativeWork\" ><a href='https:\/\/www.youtube.com\/playlist?list=PLBnm3erq3mg28AezhO1n0On_bLoy8qiIU' title='V\u00eddeos Tutoriales'  target=\"_blank\"  class=\"iconbox_icon heading-color \" aria-hidden='true' data-av_icon='\ue80d' data-av_iconfont='entypo-fontello'  style='border:1px solid #118b7d; color:#118b7d; ' ><\/a><div class=\"iconbox_content\"><header class=\"entry-content-header\"><h3 class='iconbox_content_title '  itemprop=\"headline\"   style='color:#118b7d; '><a href='https:\/\/www.youtube.com\/playlist?list=PLBnm3erq3mg28AezhO1n0On_bLoy8qiIU' title='V\u00eddeos Tutoriales'  target=\"_blank\" >V\u00eddeos Tutoriales<\/a><\/h3><\/header><div class='iconbox_content_container  '  itemprop=\"text\"  ><p style=\"text-align: left;\">Acceso a tutoriales completos para usuarios registrados.<\/p>\n<\/div><\/div><footer class=\"entry-footer\"><\/footer><\/article><br \/>\n<div style=' margin-top:0; margin-bottom:0;'  class='hr hr-custom hr-center hr-icon-no  '><span class='hr-inner   inner-border-av-border-fat' style=' width:50px; border-color:#ffffff;' ><span class='hr-inner-style'><\/span><\/span><\/div><\/p><\/div><div class=\"flex_column av_one_third  av-animated-generic bottom-to-top  flex_column_div av-zero-column-padding   \" style='border-width:1px; border-color:#fcfcfc; border-style:solid; border-radius:1px; '><article class=\"iconbox iconbox_left_content    \"  itemscope=\"itemscope\" itemtype=\"https:\/\/schema.org\/CreativeWork\" ><a href='https:\/\/guruvet.com\/es\/f-a-qs\/' title='F.A.Q\u2019s'  class=\"iconbox_icon heading-color \" aria-hidden='true' data-av_icon='\ue83c' data-av_iconfont='entypo-fontello'  style='border:1px solid #118b7d; color:#118b7d; ' ><\/a><div class=\"iconbox_content\"><header class=\"entry-content-header\"><h3 class='iconbox_content_title '  itemprop=\"headline\"   style='color:#118b7d; '><a href='https:\/\/guruvet.com\/es\/f-a-qs\/' title='F.A.Q\u2019s' >F.A.Q\u2019s<\/a><\/h3><\/header><div class='iconbox_content_container  '  itemprop=\"text\"  ><p style=\"text-align: left;\">Ya hemos respondido varias preguntas, mira las respuestas.<\/p>\n<\/div><\/div><footer class=\"entry-footer\"><\/footer><\/article><br \/>\n<div style=' margin-top:0; margin-bottom:0;'  class='hr hr-custom hr-center hr-icon-no  '><span class='hr-inner   inner-border-av-border-fat' style=' width:50px; border-color:#ffffff;' ><span class='hr-inner-style'><\/span><\/span><\/div><\/p><\/div><div class=\"flex_column av_one_third  av-animated-generic bottom-to-top  flex_column_div av-zero-column-padding   \" style='border-radius:0px; '><p><article class=\"iconbox iconbox_left_content    \"  itemscope=\"itemscope\" itemtype=\"https:\/\/schema.org\/CreativeWork\" ><a href='https:\/\/guruvet.com\/es\/contacto\/' title='Contacto'  class=\"iconbox_icon heading-color \" aria-hidden='true' data-av_icon='\ue805' data-av_iconfont='entypo-fontello'  style='border:1px solid #118b7d; color:#118b7d; ' ><\/a><div class=\"iconbox_content\"><header class=\"entry-content-header\"><h3 class='iconbox_content_title '  itemprop=\"headline\"   style='color:#118b7d; '><a href='https:\/\/guruvet.com\/es\/contacto\/' title='Contacto' >Contacto<\/a><\/h3><\/header><div class='iconbox_content_container  '  itemprop=\"text\"  ><p>Atenci\u00f3n al cliente profesional y permanente.<\/p>\n<\/div><\/div><footer class=\"entry-footer\"><\/footer><\/article><br \/>\n<div style=' margin-top:0; margin-bottom:0;'  class='hr hr-custom hr-center hr-icon-no  '><span class='hr-inner   inner-border-av-border-fat' style=' width:50px; border-color:#ffffff;' ><span class='hr-inner-style'><\/span><\/span><\/div><\/p><\/div><\/div><\/div><\/div><!-- close content main div --><\/div><div class='av-extra-border-element border-extra-arrow-down'><div class='av-extra-border-outer'><div class='av-extra-border-inner'  style='background-color:#ffffff;' ><\/div><\/div><\/div><\/div><div id='after_section_3' class='main_color av_default_container_wrap container_wrap sidebar_right' style=' '   style=' ' ><div class='container' ><div class='template-page content  av-content-small alpha units'><div class='post-entry post-entry-type-page post-entry-3934'><div class='entry-content-wrapper clearfix'><\/div><\/div><\/div><!-- close content main div --><\/div><\/div><div id='contact' class='avia-section main_color avia-section-large avia-no-border-styling avia-bg-style-scroll   av-arrow-down-section container_wrap sidebar_right' style='background-color: #f2f2f2;  '   style='background-color: #f2f2f2;  ' ><div class='container' ><div class='template-page content  av-content-small alpha units'><div class='post-entry post-entry-type-page post-entry-3934'><div class='entry-content-wrapper clearfix'>\n<div class=\"flex_column av_one_half  flex_column_div av-zero-column-padding first  \" style='border-radius:0px; '><p><div style=' margin-top:0; margin-bottom:0;'  class='hr hr-custom hr-center hr-icon-no  '><span class='hr-inner   inner-border-av-border-fat' style=' width:50px; border-color:#f2f2f2;' ><span class='hr-inner-style'><\/span><\/span><\/div><br \/>\n<div style='padding-bottom:10px; color:#118b7d;font-size:40px;' class='av-special-heading av-special-heading-h1 custom-color-heading blockquote modern-quote modern-centered   av-inherit-size '><h1 class='av-special-heading-tag '  itemprop=\"headline\"  >Contacte con nosotros<\/h1><div class='special-heading-border'><div class='special-heading-inner-border' style='border-color:#118b7d'><\/div><\/div><\/div><br \/>\n<section class=\"av_textblock_section \"  itemscope=\"itemscope\" itemtype=\"https:\/\/schema.org\/CreativeWork\" ><div class='avia_textblock  av_inherit_color '  style='color:#999999; '  itemprop=\"text\" ><p style=\"text-align: center;\">El equipo Guruvet est\u00e1 listo para aclarar cualquier duda.<br \/>\nNo dude en ponerse en contacto con nosotros.<\/p>\n<h4><\/h4>\n<\/div><\/section><\/p><\/div><div class=\"flex_column av_one_half  flex_column_div av-zero-column-padding   \" style='border-radius:0px; '><p><div style=' margin-top:0; margin-bottom:0;'  class='hr hr-custom hr-center hr-icon-no  '><span class='hr-inner   inner-border-av-border-fat' style=' width:50px; border-color:#f2f2f2;' ><span class='hr-inner-style'><\/span><\/span><\/div><br \/>\n<section class=\"avia_codeblock_section  avia_code_block_0\"  itemscope=\"itemscope\" itemtype=\"https:\/\/schema.org\/CreativeWork\" ><div class='avia_codeblock '  itemprop=\"text\" > [avia_codeblock_placeholder uid=\"0\"] <\/div><\/section><\/p><\/div>\n<\/div><\/div><\/div><!-- close content main div --><\/div><div class='av-extra-border-element border-extra-arrow-down'><div class='av-extra-border-outer'><div class='av-extra-border-inner'  style='background-color:#f2f2f2;' ><\/div><\/div><\/div><\/div><div id='after_section_4' class='main_color av_default_container_wrap container_wrap sidebar_right' style=' '   style=' ' ><div class='container' ><div class='template-page content  av-content-small alpha units'><div class='post-entry post-entry-type-page post-entry-3934'><div class='entry-content-wrapper clearfix'><\/p>\n","protected":false},"excerpt":{"rendered":"","protected":false},"author":2,"featured_media":0,"parent":0,"menu_order":0,"comment_status":"closed","ping_status":"closed","template":"","meta":{"_mi_skip_tracking":false},"yoast_head":"<!-- This site is optimized with the Yoast SEO plugin v20.1 - https:\/\/yoast.com\/wordpress\/plugins\/seo\/ -->\n<title>Pol\u00edtica de privacidad - GuruVet<\/title>\n<meta name=\"robots\" content=\"index, follow, max-snippet:-1, max-image-preview:large, max-video-preview:-1\" \/>\n<link rel=\"canonical\" href=\"https:\/\/guruvet.com\/es\/politica-de-privacidad\/\" \/>\n<meta property=\"og:locale\" content=\"es_ES\" \/>\n<meta property=\"og:type\" content=\"article\" \/>\n<meta property=\"og:title\" content=\"Pol\u00edtica de privacidad - GuruVet\" \/>\n<meta property=\"og:url\" content=\"https:\/\/guruvet.com\/es\/politica-de-privacidad\/\" \/>\n<meta property=\"og:site_name\" content=\"GuruVet\" \/>\n<meta property=\"article:publisher\" content=\"https:\/\/www.facebook.com\/guruvet.software\/\" \/>\n<meta property=\"article:modified_time\" content=\"2021-02-09T11:03:54+00:00\" \/>\n<meta name=\"twitter:card\" content=\"summary_large_image\" \/>\n<meta name=\"twitter:label1\" content=\"Tiempo de lectura\" \/>\n\t<meta name=\"twitter:data1\" content=\"14 minutos\" \/>\n<script type=\"application\/ld+json\" class=\"yoast-schema-graph\">{\"@context\":\"https:\/\/schema.org\",\"@graph\":[{\"@type\":\"WebPage\",\"@id\":\"https:\/\/guruvet.com\/es\/politica-de-privacidad\/\",\"url\":\"https:\/\/guruvet.com\/es\/politica-de-privacidad\/\",\"name\":\"Pol\u00edtica de privacidad - GuruVet\",\"isPartOf\":{\"@id\":\"https:\/\/guruvet.com\/pt-pt\/#website\"},\"datePublished\":\"2017-09-29T15:54:33+00:00\",\"dateModified\":\"2021-02-09T11:03:54+00:00\",\"breadcrumb\":{\"@id\":\"https:\/\/guruvet.com\/es\/politica-de-privacidad\/#breadcrumb\"},\"inLanguage\":\"es\",\"potentialAction\":[{\"@type\":\"ReadAction\",\"target\":[\"https:\/\/guruvet.com\/es\/politica-de-privacidad\/\"]}]},{\"@type\":\"BreadcrumbList\",\"@id\":\"https:\/\/guruvet.com\/es\/politica-de-privacidad\/#breadcrumb\",\"itemListElement\":[{\"@type\":\"ListItem\",\"position\":1,\"name\":\"In\u00edcio\",\"item\":\"https:\/\/guruvet.com\/es\/\"},{\"@type\":\"ListItem\",\"position\":2,\"name\":\"Pol\u00edtica de privacidad\"}]},{\"@type\":\"WebSite\",\"@id\":\"https:\/\/guruvet.com\/pt-pt\/#website\",\"url\":\"https:\/\/guruvet.com\/pt-pt\/\",\"name\":\"GuruVet\",\"description\":\"Software de Gest\u00e3o Cl\u00ednica Veterin\u00e1ria\",\"publisher\":{\"@id\":\"https:\/\/guruvet.com\/pt-pt\/#organization\"},\"potentialAction\":[{\"@type\":\"SearchAction\",\"target\":{\"@type\":\"EntryPoint\",\"urlTemplate\":\"https:\/\/guruvet.com\/pt-pt\/?s={search_term_string}\"},\"query-input\":\"required name=search_term_string\"}],\"inLanguage\":\"es\"},{\"@type\":\"Organization\",\"@id\":\"https:\/\/guruvet.com\/pt-pt\/#organization\",\"name\":\"GuruVet - Software de Gest\u00e3o para Cl\u00ednicas e Centros Veterin\u00e1rios\",\"url\":\"https:\/\/guruvet.com\/pt-pt\/\",\"logo\":{\"@type\":\"ImageObject\",\"inLanguage\":\"es\",\"@id\":\"https:\/\/guruvet.com\/pt-pt\/#\/schema\/logo\/image\/\",\"url\":\"https:\/\/guruvet.com\/wp-content\/uploads\/2017\/09\/logoguru-v2.png\",\"contentUrl\":\"https:\/\/guruvet.com\/wp-content\/uploads\/2017\/09\/logoguru-v2.png\",\"width\":388,\"height\":180,\"caption\":\"GuruVet - Software de Gest\u00e3o para Cl\u00ednicas e Centros Veterin\u00e1rios\"},\"image\":{\"@id\":\"https:\/\/guruvet.com\/pt-pt\/#\/schema\/logo\/image\/\"},\"sameAs\":[\"https:\/\/www.facebook.com\/guruvet.software\/\",\"https:\/\/www.youtube.com\/channel\/UCXBN4By8qb41-G4wIAfC6Ng\"]}]}<\/script>\n<!-- \/ Yoast SEO plugin. -->","yoast_head_json":{"title":"Pol\u00edtica de privacidad - GuruVet","robots":{"index":"index","follow":"follow","max-snippet":"max-snippet:-1","max-image-preview":"max-image-preview:large","max-video-preview":"max-video-preview:-1"},"canonical":"https:\/\/guruvet.com\/es\/politica-de-privacidad\/","og_locale":"es_ES","og_type":"article","og_title":"Pol\u00edtica de privacidad - GuruVet","og_url":"https:\/\/guruvet.com\/es\/politica-de-privacidad\/","og_site_name":"GuruVet","article_publisher":"https:\/\/www.facebook.com\/guruvet.software\/","article_modified_time":"2021-02-09T11:03:54+00:00","twitter_card":"summary_large_image","twitter_misc":{"Tiempo de lectura":"14 minutos"},"schema":{"@context":"https:\/\/schema.org","@graph":[{"@type":"WebPage","@id":"https:\/\/guruvet.com\/es\/politica-de-privacidad\/","url":"https:\/\/guruvet.com\/es\/politica-de-privacidad\/","name":"Pol\u00edtica de privacidad - GuruVet","isPartOf":{"@id":"https:\/\/guruvet.com\/pt-pt\/#website"},"datePublished":"2017-09-29T15:54:33+00:00","dateModified":"2021-02-09T11:03:54+00:00","breadcrumb":{"@id":"https:\/\/guruvet.com\/es\/politica-de-privacidad\/#breadcrumb"},"inLanguage":"es","potentialAction":[{"@type":"ReadAction","target":["https:\/\/guruvet.com\/es\/politica-de-privacidad\/"]}]},{"@type":"BreadcrumbList","@id":"https:\/\/guruvet.com\/es\/politica-de-privacidad\/#breadcrumb","itemListElement":[{"@type":"ListItem","position":1,"name":"In\u00edcio","item":"https:\/\/guruvet.com\/es\/"},{"@type":"ListItem","position":2,"name":"Pol\u00edtica de privacidad"}]},{"@type":"WebSite","@id":"https:\/\/guruvet.com\/pt-pt\/#website","url":"https:\/\/guruvet.com\/pt-pt\/","name":"GuruVet","description":"Software de Gest\u00e3o Cl\u00ednica Veterin\u00e1ria","publisher":{"@id":"https:\/\/guruvet.com\/pt-pt\/#organization"},"potentialAction":[{"@type":"SearchAction","target":{"@type":"EntryPoint","urlTemplate":"https:\/\/guruvet.com\/pt-pt\/?s={search_term_string}"},"query-input":"required name=search_term_string"}],"inLanguage":"es"},{"@type":"Organization","@id":"https:\/\/guruvet.com\/pt-pt\/#organization","name":"GuruVet - Software de Gest\u00e3o para Cl\u00ednicas e Centros Veterin\u00e1rios","url":"https:\/\/guruvet.com\/pt-pt\/","logo":{"@type":"ImageObject","inLanguage":"es","@id":"https:\/\/guruvet.com\/pt-pt\/#\/schema\/logo\/image\/","url":"https:\/\/guruvet.com\/wp-content\/uploads\/2017\/09\/logoguru-v2.png","contentUrl":"https:\/\/guruvet.com\/wp-content\/uploads\/2017\/09\/logoguru-v2.png","width":388,"height":180,"caption":"GuruVet - Software de Gest\u00e3o para Cl\u00ednicas e Centros Veterin\u00e1rios"},"image":{"@id":"https:\/\/guruvet.com\/pt-pt\/#\/schema\/logo\/image\/"},"sameAs":["https:\/\/www.facebook.com\/guruvet.software\/","https:\/\/www.youtube.com\/channel\/UCXBN4By8qb41-G4wIAfC6Ng"]}]}},"_links":{"self":[{"href":"https:\/\/guruvet.com\/es\/wp-json\/wp\/v2\/pages\/3934"}],"collection":[{"href":"https:\/\/guruvet.com\/es\/wp-json\/wp\/v2\/pages"}],"about":[{"href":"https:\/\/guruvet.com\/es\/wp-json\/wp\/v2\/types\/page"}],"author":[{"embeddable":true,"href":"https:\/\/guruvet.com\/es\/wp-json\/wp\/v2\/users\/2"}],"replies":[{"embeddable":true,"href":"https:\/\/guruvet.com\/es\/wp-json\/wp\/v2\/comments?post=3934"}],"version-history":[{"count":5,"href":"https:\/\/guruvet.com\/es\/wp-json\/wp\/v2\/pages\/3934\/revisions"}],"predecessor-version":[{"id":85459,"href":"https:\/\/guruvet.com\/es\/wp-json\/wp\/v2\/pages\/3934\/revisions\/85459"}],"wp:attachment":[{"href":"https:\/\/guruvet.com\/es\/wp-json\/wp\/v2\/media?parent=3934"}],"curies":[{"name":"wp","href":"https:\/\/api.w.org\/{rel}","templated":true}]}}