{"id":3672,"date":"2017-09-29T10:39:25","date_gmt":"2017-09-29T10:39:25","guid":{"rendered":"https:\/\/guruvet.com\/contato\/"},"modified":"2020-03-20T12:34:33","modified_gmt":"2020-03-20T12:34:33","slug":"contato","status":"publish","type":"page","link":"https:\/\/guruvet.com\/pt-br\/contato\/","title":{"rendered":"Contato"},"content":{"rendered":"<\/div><\/div><\/div><!-- close content main div --><\/div><\/div><div id='av_section_1' class='avia-section main_color avia-section-default avia-no-shadow avia-bg-style-scroll   av-minimum-height av-minimum-height-25 container_wrap sidebar_right' style='background-repeat: no-repeat; background-image: url(https:\/\/guruvet.com\/wp-content\/uploads\/2017\/12\/header6.jpg);background-attachment: scroll; background-position: center center;  '  data-section-bg-repeat='no-repeat' style='background-repeat: no-repeat; background-image: url(https:\/\/guruvet.com\/wp-content\/uploads\/2017\/12\/header6.jpg);background-attachment: scroll; background-position: center center;  ' ><div class='container' ><div class='template-page content  av-content-small alpha units'><div class='post-entry post-entry-type-page post-entry-3672'><div class='entry-content-wrapper clearfix'>\n<div style='padding-bottom:10px; color:#ffffff;' class='av-special-heading av-special-heading-h1 custom-color-heading blockquote modern-quote  '><h1 class='av-special-heading-tag '  itemprop=\"headline\"  >Contatos<\/h1><div class='special-heading-border'><div class='special-heading-inner-border' style='border-color:#ffffff'><\/div><\/div><\/div>\n<div style=' margin-top:10px; margin-bottom:10px;'  class='hr hr-custom hr-left hr-icon-no  '><span class='hr-inner   inner-border-av-border-fat' style=' width:50px; border-color:#ffffff;' ><span class='hr-inner-style'><\/span><\/span><\/div>\n<\/div><\/div><\/div><!-- close content main div --><\/div><\/div><div id='after_section_1' class='main_color av_default_container_wrap container_wrap sidebar_right' style=' '   style=' ' ><div class='container' ><div class='template-page content  av-content-small alpha units'><div class='post-entry post-entry-type-page post-entry-3672'><div class='entry-content-wrapper clearfix'>\n<\/div><\/div><\/div><!-- close content main div --><\/div><\/div><div id='contact' class='avia-section main_color avia-section-large avia-no-border-styling avia-bg-style-scroll   av-arrow-down-section container_wrap sidebar_right' style='background-color: #ffffff;  '   style='background-color: #ffffff;  ' ><div class='container' ><div class='template-page content  av-content-small alpha units'><div class='post-entry post-entry-type-page post-entry-3672'><div class='entry-content-wrapper clearfix'>\n<div class=\"flex_column av_one_half  flex_column_div av-zero-column-padding first  \" style='border-radius:0px; '><p><div style='height:40px' class='hr hr-invisible  '><span class='hr-inner ' ><span class='hr-inner-style'><\/span><\/span><\/div><br \/>\n<div style='padding-bottom:10px; color:#118b7d;font-size:40px;' class='av-special-heading av-special-heading-h2 custom-color-heading blockquote modern-quote modern-centered   av-inherit-size '><h2 class='av-special-heading-tag '  itemprop=\"headline\"  >Fale conosco!<\/h2><div class='special-heading-border'><div class='special-heading-inner-border' style='border-color:#118b7d'><\/div><\/div><\/div><br \/>\n<section class=\"av_textblock_section \"  itemscope=\"itemscope\" itemtype=\"https:\/\/schema.org\/CreativeWork\" ><div class='avia_textblock  '   itemprop=\"text\" ><p style=\"text-align: center;\">A equipe GuruVet est\u00e1 \u00e0 disposi\u00e7\u00e3o para esclarecer todas as suas d\u00favidas.<br \/>\nNossos hor\u00e1rios: todos os dias \u00fateis das 10h \u00e0s 12h30 e das 14h \u00e0s 18h00.<\/p>\n<h4><\/h4>\n<h4><\/h4>\n<\/div><\/section><\/p><\/div><div class=\"flex_column av_one_half  flex_column_div av-zero-column-padding   \" style='border-radius:0px; '><p><div style='height:40px' class='hr hr-invisible  '><span class='hr-inner ' ><span class='hr-inner-style'><\/span><\/span><\/div><br \/>\n<section class=\"avia_codeblock_section  avia_code_block_0\"  itemscope=\"itemscope\" itemtype=\"https:\/\/schema.org\/CreativeWork\" ><div class='avia_codeblock '  itemprop=\"text\" > [avia_codeblock_placeholder uid=\"0\"] <\/div><\/section><\/p><\/div><\/div><\/div><\/div><!-- close content main div --><\/div><div class='av-extra-border-element border-extra-arrow-down'><div class='av-extra-border-outer'><div class='av-extra-border-inner'  style='background-color:#ffffff;' ><\/div><\/div><\/div><\/div><div id='after_section_2' class='main_color av_default_container_wrap container_wrap sidebar_right' style=' '   style=' ' ><div class='container' ><div class='template-page content  av-content-small alpha units'><div class='post-entry post-entry-type-page post-entry-3672'><div class='entry-content-wrapper clearfix'><\/div><\/div><\/div><!-- close content main div --><\/div><\/div><div id='newsletter' class='avia-section main_color avia-section-huge avia-no-border-styling avia-full-stretch av-section-color-overlay-active avia-bg-style-fixed   container_wrap sidebar_right' style='background-repeat: no-repeat; background-image: url(https:\/\/guruvet.com\/wp-content\/uploads\/2016\/05\/testemunhos.jpg);background-attachment: fixed; background-position: center center;  '  data-section-bg-repeat='stretch' style='background-repeat: no-repeat; background-image: url(https:\/\/guruvet.com\/wp-content\/uploads\/2016\/05\/testemunhos.jpg);background-attachment: fixed; background-position: center center;  ' ><div class='av-section-color-overlay-wrap'><div class='av-section-color-overlay' style='opacity: 0.7; background-color: #222222; '><\/div><div class='container' ><div class='template-page content  av-content-small alpha units'><div class='post-entry post-entry-type-page post-entry-3672'><div class='entry-content-wrapper clearfix'>\n<div style='padding-bottom:20px; color:#ffffff;font-size:40px;' class='av-special-heading av-special-heading-h2 custom-color-heading blockquote modern-quote modern-centered   av-inherit-size '><h2 class='av-special-heading-tag '  itemprop=\"headline\"  >GuruVet News!<\/h2><div class ='av-subheading av-subheading_below av_custom_color ' style='font-size:15px;'><p>Fique atualizado com nossas novidades!<\/p>\n<\/div><div class='special-heading-border'><div class='special-heading-inner-border' style='border-color:#ffffff'><\/div><\/div><\/div>\n<div class=\"flex_column av_one_fifth  av-animated-generic fade-in  flex_column_div av-zero-column-padding first  \" style='border-radius:0px; '><\/div><div class=\"flex_column av_three_fifth  av-animated-generic fade-in  flex_column_div av-zero-column-padding   \" style='border-radius:0px; '><p><form action=\"https:\/\/guruvet.com\/pt-br\/contato\/\" method=\"post\"  class=\"avia_ajax_form av-form-labels-hidden   av-centered-form  av-custom-form-color av-light-form \" data-avia-form-id=\"1\" data-avia-redirect=''><fieldset><p class=' first_form  form_element form_element_half' id='element_avia_1_1'> <input name=\"avia_1_1\" class=\"text_input is_empty\" type=\"text\" id=\"avia_1_1\" value=\"\"  placeholder='Nome*'\/><\/p><p class=' form_element form_element_half av-last-visible-form-element' id='element_avia_2_1'> <input name=\"avia_2_1\" class=\"text_input is_email\" type=\"email\" id=\"avia_2_1\" value=\"\"  placeholder='E-Mail*'\/><\/p><p class=\"hidden\"><input type=\"text\" name=\"avia_3_1\" class=\"hidden \" id=\"avia_3_1\" value=\"\" \/><\/p><p class=\"form_element \"><input type=\"hidden\" value=\"1\" name=\"avia_generated_form1\" \/><input type=\"submit\" value=\"Aderir\" class=\"button\"  data-sending-label=\"Sending\"\/><\/p><\/fieldset><\/form><div id=\"ajaxresponse_1\" class=\"ajaxresponse ajaxresponse_1 hidden\"><\/div><br \/>\n<section class=\"av_textblock_section \"  itemscope=\"itemscope\" itemtype=\"https:\/\/schema.org\/CreativeWork\" ><div class='avia_textblock  av_inherit_color '  style='color:#cecece; '  itemprop=\"text\" ><p style=\"text-align: center;\">Valorizamos a sua privacidade e por isso n\u00e3o enviamos spam e nem compartilhamos seus dados com terceiros.<\/p>\n<\/div><\/section><\/p><\/div><div class=\"flex_column av_one_fifth  av-animated-generic fade-in  flex_column_div av-zero-column-padding   \" style='border-radius:0px; '><\/div><\/div><\/div><\/div><!-- close content main div --><\/div><\/div><\/div><div id='after_section_3' class='main_color av_default_container_wrap container_wrap sidebar_right' style=' '   style=' ' ><div class='container' ><div class='template-page content  av-content-small alpha units'><div class='post-entry post-entry-type-page post-entry-3672'><div class='entry-content-wrapper clearfix'><\/p>\n","protected":false},"excerpt":{"rendered":"","protected":false},"author":2,"featured_media":0,"parent":0,"menu_order":0,"comment_status":"closed","ping_status":"closed","template":"","meta":{"_mi_skip_tracking":false},"yoast_head":"<!-- This site is optimized with the Yoast SEO plugin v20.1 - https:\/\/yoast.com\/wordpress\/plugins\/seo\/ -->\n<title>Contato - Tem d\u00favidas? N\u00e3o hesite em contatar-nos | GuruVet<\/title>\n<meta name=\"description\" content=\"A equipa GuruVet est\u00e1 pronta para esclarecer qualquer d\u00favida. Estamos dispon\u00edveis todos os dias \u00fateis das 10h \u00e0s 12h30 e das 14h \u00e0s 18h. Fique atualizado com as nossas novidades, registe-se na GuruVet News.\" \/>\n<meta name=\"robots\" content=\"index, follow, max-snippet:-1, max-image-preview:large, max-video-preview:-1\" \/>\n<link rel=\"canonical\" href=\"https:\/\/guruvet.com\/pt-br\/contato\/\" \/>\n<meta property=\"og:locale\" content=\"pt_BR\" \/>\n<meta property=\"og:type\" content=\"article\" \/>\n<meta property=\"og:title\" content=\"Contato - Tem d\u00favidas? N\u00e3o hesite em contatar-nos | GuruVet\" \/>\n<meta property=\"og:description\" content=\"A equipa GuruVet est\u00e1 pronta para esclarecer qualquer d\u00favida. Estamos dispon\u00edveis todos os dias \u00fateis das 10h \u00e0s 12h30 e das 14h \u00e0s 18h. Fique atualizado com as nossas novidades, registe-se na GuruVet News.\" \/>\n<meta property=\"og:url\" content=\"https:\/\/guruvet.com\/pt-br\/contato\/\" \/>\n<meta property=\"og:site_name\" content=\"GuruVet\" \/>\n<meta property=\"article:publisher\" content=\"https:\/\/www.facebook.com\/guruvet.software\/\" \/>\n<meta property=\"article:modified_time\" content=\"2020-03-20T12:34:33+00:00\" \/>\n<meta name=\"twitter:card\" content=\"summary_large_image\" \/>\n<meta name=\"twitter:label1\" content=\"Est. tempo de leitura\" \/>\n\t<meta name=\"twitter:data1\" content=\"6 minutos\" \/>\n<script type=\"application\/ld+json\" class=\"yoast-schema-graph\">{\"@context\":\"https:\/\/schema.org\",\"@graph\":[{\"@type\":\"WebPage\",\"@id\":\"https:\/\/guruvet.com\/pt-br\/contato\/\",\"url\":\"https:\/\/guruvet.com\/pt-br\/contato\/\",\"name\":\"Contato - Tem d\u00favidas? N\u00e3o hesite em contatar-nos | GuruVet\",\"isPartOf\":{\"@id\":\"https:\/\/guruvet.com\/pt-pt\/#website\"},\"datePublished\":\"2017-09-29T10:39:25+00:00\",\"dateModified\":\"2020-03-20T12:34:33+00:00\",\"description\":\"A equipa GuruVet est\u00e1 pronta para esclarecer qualquer d\u00favida. Estamos dispon\u00edveis todos os dias \u00fateis das 10h \u00e0s 12h30 e das 14h \u00e0s 18h. Fique atualizado com as nossas novidades, registe-se na GuruVet News.\",\"breadcrumb\":{\"@id\":\"https:\/\/guruvet.com\/pt-br\/contato\/#breadcrumb\"},\"inLanguage\":\"pt-BR\",\"potentialAction\":[{\"@type\":\"ReadAction\",\"target\":[\"https:\/\/guruvet.com\/pt-br\/contato\/\"]}]},{\"@type\":\"BreadcrumbList\",\"@id\":\"https:\/\/guruvet.com\/pt-br\/contato\/#breadcrumb\",\"itemListElement\":[{\"@type\":\"ListItem\",\"position\":1,\"name\":\"In\u00edcio\",\"item\":\"https:\/\/guruvet.com\/pt-pt\/\"},{\"@type\":\"ListItem\",\"position\":2,\"name\":\"Contato\"}]},{\"@type\":\"WebSite\",\"@id\":\"https:\/\/guruvet.com\/pt-pt\/#website\",\"url\":\"https:\/\/guruvet.com\/pt-pt\/\",\"name\":\"GuruVet\",\"description\":\"Software de Gest\u00e3o Cl\u00ednica Veterin\u00e1ria\",\"publisher\":{\"@id\":\"https:\/\/guruvet.com\/pt-pt\/#organization\"},\"potentialAction\":[{\"@type\":\"SearchAction\",\"target\":{\"@type\":\"EntryPoint\",\"urlTemplate\":\"https:\/\/guruvet.com\/pt-pt\/?s={search_term_string}\"},\"query-input\":\"required name=search_term_string\"}],\"inLanguage\":\"pt-BR\"},{\"@type\":\"Organization\",\"@id\":\"https:\/\/guruvet.com\/pt-pt\/#organization\",\"name\":\"GuruVet - Software de Gest\u00e3o para Cl\u00ednicas e Centros Veterin\u00e1rios\",\"url\":\"https:\/\/guruvet.com\/pt-pt\/\",\"logo\":{\"@type\":\"ImageObject\",\"inLanguage\":\"pt-BR\",\"@id\":\"https:\/\/guruvet.com\/pt-pt\/#\/schema\/logo\/image\/\",\"url\":\"https:\/\/guruvet.com\/wp-content\/uploads\/2017\/09\/logoguru-v2.png\",\"contentUrl\":\"https:\/\/guruvet.com\/wp-content\/uploads\/2017\/09\/logoguru-v2.png\",\"width\":388,\"height\":180,\"caption\":\"GuruVet - Software de Gest\u00e3o para Cl\u00ednicas e Centros Veterin\u00e1rios\"},\"image\":{\"@id\":\"https:\/\/guruvet.com\/pt-pt\/#\/schema\/logo\/image\/\"},\"sameAs\":[\"https:\/\/www.facebook.com\/guruvet.software\/\",\"https:\/\/www.youtube.com\/channel\/UCXBN4By8qb41-G4wIAfC6Ng\"]}]}<\/script>\n<!-- \/ Yoast SEO plugin. -->","yoast_head_json":{"title":"Contato - Tem d\u00favidas? N\u00e3o hesite em contatar-nos | GuruVet","description":"A equipa GuruVet est\u00e1 pronta para esclarecer qualquer d\u00favida. Estamos dispon\u00edveis todos os dias \u00fateis das 10h \u00e0s 12h30 e das 14h \u00e0s 18h. Fique atualizado com as nossas novidades, registe-se na GuruVet News.","robots":{"index":"index","follow":"follow","max-snippet":"max-snippet:-1","max-image-preview":"max-image-preview:large","max-video-preview":"max-video-preview:-1"},"canonical":"https:\/\/guruvet.com\/pt-br\/contato\/","og_locale":"pt_BR","og_type":"article","og_title":"Contato - Tem d\u00favidas? N\u00e3o hesite em contatar-nos | GuruVet","og_description":"A equipa GuruVet est\u00e1 pronta para esclarecer qualquer d\u00favida. Estamos dispon\u00edveis todos os dias \u00fateis das 10h \u00e0s 12h30 e das 14h \u00e0s 18h. Fique atualizado com as nossas novidades, registe-se na GuruVet News.","og_url":"https:\/\/guruvet.com\/pt-br\/contato\/","og_site_name":"GuruVet","article_publisher":"https:\/\/www.facebook.com\/guruvet.software\/","article_modified_time":"2020-03-20T12:34:33+00:00","twitter_card":"summary_large_image","twitter_misc":{"Est. tempo de leitura":"6 minutos"},"schema":{"@context":"https:\/\/schema.org","@graph":[{"@type":"WebPage","@id":"https:\/\/guruvet.com\/pt-br\/contato\/","url":"https:\/\/guruvet.com\/pt-br\/contato\/","name":"Contato - Tem d\u00favidas? N\u00e3o hesite em contatar-nos | GuruVet","isPartOf":{"@id":"https:\/\/guruvet.com\/pt-pt\/#website"},"datePublished":"2017-09-29T10:39:25+00:00","dateModified":"2020-03-20T12:34:33+00:00","description":"A equipa GuruVet est\u00e1 pronta para esclarecer qualquer d\u00favida. Estamos dispon\u00edveis todos os dias \u00fateis das 10h \u00e0s 12h30 e das 14h \u00e0s 18h. Fique atualizado com as nossas novidades, registe-se na GuruVet News.","breadcrumb":{"@id":"https:\/\/guruvet.com\/pt-br\/contato\/#breadcrumb"},"inLanguage":"pt-BR","potentialAction":[{"@type":"ReadAction","target":["https:\/\/guruvet.com\/pt-br\/contato\/"]}]},{"@type":"BreadcrumbList","@id":"https:\/\/guruvet.com\/pt-br\/contato\/#breadcrumb","itemListElement":[{"@type":"ListItem","position":1,"name":"In\u00edcio","item":"https:\/\/guruvet.com\/pt-pt\/"},{"@type":"ListItem","position":2,"name":"Contato"}]},{"@type":"WebSite","@id":"https:\/\/guruvet.com\/pt-pt\/#website","url":"https:\/\/guruvet.com\/pt-pt\/","name":"GuruVet","description":"Software de Gest\u00e3o Cl\u00ednica Veterin\u00e1ria","publisher":{"@id":"https:\/\/guruvet.com\/pt-pt\/#organization"},"potentialAction":[{"@type":"SearchAction","target":{"@type":"EntryPoint","urlTemplate":"https:\/\/guruvet.com\/pt-pt\/?s={search_term_string}"},"query-input":"required name=search_term_string"}],"inLanguage":"pt-BR"},{"@type":"Organization","@id":"https:\/\/guruvet.com\/pt-pt\/#organization","name":"GuruVet - Software de Gest\u00e3o para Cl\u00ednicas e Centros Veterin\u00e1rios","url":"https:\/\/guruvet.com\/pt-pt\/","logo":{"@type":"ImageObject","inLanguage":"pt-BR","@id":"https:\/\/guruvet.com\/pt-pt\/#\/schema\/logo\/image\/","url":"https:\/\/guruvet.com\/wp-content\/uploads\/2017\/09\/logoguru-v2.png","contentUrl":"https:\/\/guruvet.com\/wp-content\/uploads\/2017\/09\/logoguru-v2.png","width":388,"height":180,"caption":"GuruVet - Software de Gest\u00e3o para Cl\u00ednicas e Centros Veterin\u00e1rios"},"image":{"@id":"https:\/\/guruvet.com\/pt-pt\/#\/schema\/logo\/image\/"},"sameAs":["https:\/\/www.facebook.com\/guruvet.software\/","https:\/\/www.youtube.com\/channel\/UCXBN4By8qb41-G4wIAfC6Ng"]}]}},"_links":{"self":[{"href":"https:\/\/guruvet.com\/pt-br\/wp-json\/wp\/v2\/pages\/3672"}],"collection":[{"href":"https:\/\/guruvet.com\/pt-br\/wp-json\/wp\/v2\/pages"}],"about":[{"href":"https:\/\/guruvet.com\/pt-br\/wp-json\/wp\/v2\/types\/page"}],"author":[{"embeddable":true,"href":"https:\/\/guruvet.com\/pt-br\/wp-json\/wp\/v2\/users\/2"}],"replies":[{"embeddable":true,"href":"https:\/\/guruvet.com\/pt-br\/wp-json\/wp\/v2\/comments?post=3672"}],"version-history":[{"count":5,"href":"https:\/\/guruvet.com\/pt-br\/wp-json\/wp\/v2\/pages\/3672\/revisions"}],"predecessor-version":[{"id":85286,"href":"https:\/\/guruvet.com\/pt-br\/wp-json\/wp\/v2\/pages\/3672\/revisions\/85286"}],"wp:attachment":[{"href":"https:\/\/guruvet.com\/pt-br\/wp-json\/wp\/v2\/media?parent=3672"}],"curies":[{"name":"wp","href":"https:\/\/api.w.org\/{rel}","templated":true}]}}