{"id":3678,"date":"2017-09-29T10:41:39","date_gmt":"2017-09-29T10:41:39","guid":{"rendered":"https:\/\/guruvet.com\/o-guruvet\/"},"modified":"2022-05-10T11:50:43","modified_gmt":"2022-05-10T10:50:43","slug":"o-guruvet","status":"publish","type":"page","link":"https:\/\/guruvet.com\/pt-br\/o-guruvet\/","title":{"rendered":"O GuruVet"},"content":{"rendered":"<\/div><\/div><\/div><!-- close content main div --><\/div><\/div><div id='av_section_1' class='avia-section main_color avia-section-default avia-no-shadow avia-bg-style-scroll   av-minimum-height av-minimum-height-25 container_wrap sidebar_right' style='background-repeat: no-repeat; background-image: url(https:\/\/guruvet.com\/wp-content\/uploads\/2017\/12\/header7.jpg);background-attachment: scroll; background-position: center center;  '  data-section-bg-repeat='no-repeat' style='background-repeat: no-repeat; background-image: url(https:\/\/guruvet.com\/wp-content\/uploads\/2017\/12\/header7.jpg);background-attachment: scroll; background-position: center center;  ' ><div class='container' ><div class='template-page content  av-content-small alpha units'><div class='post-entry post-entry-type-page post-entry-3678'><div class='entry-content-wrapper clearfix'>\n<div style='padding-bottom:10px; color:#ffffff;' class='av-special-heading av-special-heading-h1 custom-color-heading blockquote modern-quote  '><h1 class='av-special-heading-tag '  itemprop=\"headline\"  >Sobre o GuruVet<\/h1><div class='special-heading-border'><div class='special-heading-inner-border' style='border-color:#ffffff'><\/div><\/div><\/div>\n<div style=' margin-top:10px; margin-bottom:10px;'  class='hr hr-custom hr-left hr-icon-no  '><span class='hr-inner   inner-border-av-border-fat' style=' width:50px; border-color:#ffffff;' ><span class='hr-inner-style'><\/span><\/span><\/div>\n<\/div><\/div><\/div><!-- close content main div --><\/div><\/div><div id='after_section_1' class='main_color av_default_container_wrap container_wrap sidebar_right' style=' '   style=' ' ><div class='container' ><div class='template-page content  av-content-small alpha units'><div class='post-entry post-entry-type-page post-entry-3678'><div class='entry-content-wrapper clearfix'>\n<\/div><\/div><\/div><!-- close content main div --><\/div><\/div><div id='av_section_2' class='avia-section main_color avia-section-default avia-no-border-styling avia-bg-style-scroll   container_wrap sidebar_right' style='background-color: #ffffff;  '   style='background-color: #ffffff;  ' ><div class='container' ><div class='template-page content  av-content-small alpha units'><div class='post-entry post-entry-type-page post-entry-3678'><div class='entry-content-wrapper clearfix'>\n<div class=\"flex_column av_one_full  flex_column_div av-zero-column-padding first  \" style='border-radius:0px; '><p><section class=\"av_textblock_section \"  itemscope=\"itemscope\" itemtype=\"https:\/\/schema.org\/CreativeWork\" ><div class='avia_textblock  '   itemprop=\"text\" ><p>O GuruVet \u00e9 um sistema para cl\u00ednicas veterin\u00e1rias desenvolvido para ser completo, intuitivo, pronto para usar e feito para ajudar o veterin\u00e1rio e sua equipe. Para criar o GuruVet, juntamos especialistas de diversas \u00e1reas (administrativa, jur\u00eddica, cont\u00e1bil, veterin\u00e1ria, tecnologia) para estudar o funcionamento dos centros veterin\u00e1rios e desenhar os processos conforme as boas pr\u00e1ticas de gest\u00e3o. Assim, voc\u00ea tem tempo para o que realmente importa: atender seus clientes e cuidar de seus pacientes!<\/p>\n<\/div><\/section><br \/>\n<div style='height:30px' class='hr hr-invisible  '><span class='hr-inner ' ><span class='hr-inner-style'><\/span><\/span><\/div><\/p><\/div>\n<\/div><\/div><\/div><!-- close content main div --><\/div><\/div><div id='after_section_2' class='main_color av_default_container_wrap container_wrap sidebar_right' style=' '   style=' ' ><div class='container' ><div class='template-page content  av-content-small alpha units'><div class='post-entry post-entry-type-page post-entry-3678'><div class='entry-content-wrapper clearfix'>\n<\/div><\/div><\/div><!-- close content main div --><\/div><\/div><div id='contact' class='avia-section main_color avia-section-large avia-no-border-styling avia-bg-style-scroll   av-arrow-down-section container_wrap sidebar_right' style='background-color: #f2f2f2;  '   style='background-color: #f2f2f2;  ' ><div class='container' ><div class='template-page content  av-content-small alpha units'><div class='post-entry post-entry-type-page post-entry-3678'><div class='entry-content-wrapper clearfix'>\n<div class=\"flex_column av_one_half  flex_column_div av-zero-column-padding first  \" style='border-radius:0px; '><p><div style='height:40px' class='hr hr-invisible  '><span class='hr-inner ' ><span class='hr-inner-style'><\/span><\/span><\/div><br \/>\n<div style='padding-bottom:10px; color:#118b7d;font-size:40px;' class='av-special-heading av-special-heading-h1 custom-color-heading blockquote modern-quote modern-centered   av-inherit-size '><h1 class='av-special-heading-tag '  itemprop=\"headline\"  >Fale conosco!<\/h1><div class='special-heading-border'><div class='special-heading-inner-border' style='border-color:#118b7d'><\/div><\/div><\/div><br \/>\n<section class=\"av_textblock_section \"  itemscope=\"itemscope\" itemtype=\"https:\/\/schema.org\/CreativeWork\" ><div class='avia_textblock  '   itemprop=\"text\" ><p style=\"text-align: center;\">\u00a0A equipe GuruVet est\u00e1 \u00e0 disposi\u00e7\u00e3o para esclarecer todas as suas d\u00favidas.<br \/>\nNossos hor\u00e1rios: todos os dias \u00fateis das 10h \u00e0s 12h30 e das 14h \u00e0s 18h00.<\/p>\n<h4><\/h4>\n<h4><\/h4>\n<\/div><\/section><\/p><\/div><div class=\"flex_column av_one_half  flex_column_div av-zero-column-padding   \" style='border-radius:0px; '><p><div style='height:40px' class='hr hr-invisible  '><span class='hr-inner ' ><span class='hr-inner-style'><\/span><\/span><\/div><br \/>\n<section class=\"avia_codeblock_section  avia_code_block_0\"  itemscope=\"itemscope\" itemtype=\"https:\/\/schema.org\/CreativeWork\" ><div class='avia_codeblock '  itemprop=\"text\" > [avia_codeblock_placeholder uid=\"0\"] <\/div><\/section><\/p><\/div>\n<\/div><\/div><\/div><!-- close content main div --><\/div><div class='av-extra-border-element border-extra-arrow-down'><div class='av-extra-border-outer'><div class='av-extra-border-inner'  style='background-color:#f2f2f2;' ><\/div><\/div><\/div><\/div><div id='after_section_3' class='main_color av_default_container_wrap container_wrap sidebar_right' style=' '   style=' ' ><div class='container' ><div class='template-page content  av-content-small alpha units'><div class='post-entry post-entry-type-page post-entry-3678'><div class='entry-content-wrapper clearfix'>\n","protected":false},"excerpt":{"rendered":"","protected":false},"author":2,"featured_media":0,"parent":0,"menu_order":0,"comment_status":"closed","ping_status":"closed","template":"","meta":{"_mi_skip_tracking":false},"yoast_head":"<!-- This site is optimized with the Yoast SEO plugin v20.1 - https:\/\/yoast.com\/wordpress\/plugins\/seo\/ -->\n<title>O GuruVet - Tudo o que voc\u00ea precisa em um s\u00f3 software | Guruvet<\/title>\n<meta name=\"description\" content=\"Fa\u00e7a uma gest\u00e3o eficaz das suas marca\u00e7\u00f5es, agende o dia-a-dia de seus colaboradores, controle as finan\u00e7as de sua cl\u00ednica, verifique seus estoques e comunique-se com seus clientes, tudo no mesmo software.\" \/>\n<meta name=\"robots\" content=\"index, follow, max-snippet:-1, max-image-preview:large, max-video-preview:-1\" \/>\n<link rel=\"canonical\" href=\"https:\/\/guruvet.com\/pt-br\/o-guruvet\/\" \/>\n<meta property=\"og:locale\" content=\"pt_BR\" \/>\n<meta property=\"og:type\" content=\"article\" \/>\n<meta property=\"og:title\" content=\"O GuruVet - Tudo o que voc\u00ea precisa em um s\u00f3 software | Guruvet\" \/>\n<meta property=\"og:description\" content=\"Fa\u00e7a uma gest\u00e3o eficaz das suas marca\u00e7\u00f5es, agende o dia-a-dia de seus colaboradores, controle as finan\u00e7as de sua cl\u00ednica, verifique seus estoques e comunique-se com seus clientes, tudo no mesmo software.\" \/>\n<meta property=\"og:url\" content=\"https:\/\/guruvet.com\/pt-br\/o-guruvet\/\" \/>\n<meta property=\"og:site_name\" content=\"GuruVet\" \/>\n<meta property=\"article:publisher\" content=\"https:\/\/www.facebook.com\/guruvet.software\/\" \/>\n<meta property=\"article:modified_time\" content=\"2022-05-10T10:50:43+00:00\" \/>\n<meta name=\"twitter:card\" content=\"summary_large_image\" \/>\n<meta name=\"twitter:label1\" content=\"Est. tempo de leitura\" \/>\n\t<meta name=\"twitter:data1\" content=\"2 minutos\" \/>\n<script type=\"application\/ld+json\" class=\"yoast-schema-graph\">{\"@context\":\"https:\/\/schema.org\",\"@graph\":[{\"@type\":\"WebPage\",\"@id\":\"https:\/\/guruvet.com\/pt-br\/o-guruvet\/\",\"url\":\"https:\/\/guruvet.com\/pt-br\/o-guruvet\/\",\"name\":\"O GuruVet - Tudo o que voc\u00ea precisa em um s\u00f3 software | Guruvet\",\"isPartOf\":{\"@id\":\"https:\/\/guruvet.com\/pt-pt\/#website\"},\"datePublished\":\"2017-09-29T10:41:39+00:00\",\"dateModified\":\"2022-05-10T10:50:43+00:00\",\"description\":\"Fa\u00e7a uma gest\u00e3o eficaz das suas marca\u00e7\u00f5es, agende o dia-a-dia de seus colaboradores, controle as finan\u00e7as de sua cl\u00ednica, verifique seus estoques e comunique-se com seus clientes, tudo no mesmo software.\",\"breadcrumb\":{\"@id\":\"https:\/\/guruvet.com\/pt-br\/o-guruvet\/#breadcrumb\"},\"inLanguage\":\"pt-BR\",\"potentialAction\":[{\"@type\":\"ReadAction\",\"target\":[\"https:\/\/guruvet.com\/pt-br\/o-guruvet\/\"]}]},{\"@type\":\"BreadcrumbList\",\"@id\":\"https:\/\/guruvet.com\/pt-br\/o-guruvet\/#breadcrumb\",\"itemListElement\":[{\"@type\":\"ListItem\",\"position\":1,\"name\":\"In\u00edcio\",\"item\":\"https:\/\/guruvet.com\/pt-pt\/\"},{\"@type\":\"ListItem\",\"position\":2,\"name\":\"O GuruVet\"}]},{\"@type\":\"WebSite\",\"@id\":\"https:\/\/guruvet.com\/pt-pt\/#website\",\"url\":\"https:\/\/guruvet.com\/pt-pt\/\",\"name\":\"GuruVet\",\"description\":\"Software de Gest\u00e3o Cl\u00ednica Veterin\u00e1ria\",\"publisher\":{\"@id\":\"https:\/\/guruvet.com\/pt-pt\/#organization\"},\"potentialAction\":[{\"@type\":\"SearchAction\",\"target\":{\"@type\":\"EntryPoint\",\"urlTemplate\":\"https:\/\/guruvet.com\/pt-pt\/?s={search_term_string}\"},\"query-input\":\"required name=search_term_string\"}],\"inLanguage\":\"pt-BR\"},{\"@type\":\"Organization\",\"@id\":\"https:\/\/guruvet.com\/pt-pt\/#organization\",\"name\":\"GuruVet - Software de Gest\u00e3o para Cl\u00ednicas e Centros Veterin\u00e1rios\",\"url\":\"https:\/\/guruvet.com\/pt-pt\/\",\"logo\":{\"@type\":\"ImageObject\",\"inLanguage\":\"pt-BR\",\"@id\":\"https:\/\/guruvet.com\/pt-pt\/#\/schema\/logo\/image\/\",\"url\":\"https:\/\/guruvet.com\/wp-content\/uploads\/2017\/09\/logoguru-v2.png\",\"contentUrl\":\"https:\/\/guruvet.com\/wp-content\/uploads\/2017\/09\/logoguru-v2.png\",\"width\":388,\"height\":180,\"caption\":\"GuruVet - Software de Gest\u00e3o para Cl\u00ednicas e Centros Veterin\u00e1rios\"},\"image\":{\"@id\":\"https:\/\/guruvet.com\/pt-pt\/#\/schema\/logo\/image\/\"},\"sameAs\":[\"https:\/\/www.facebook.com\/guruvet.software\/\",\"https:\/\/www.youtube.com\/channel\/UCXBN4By8qb41-G4wIAfC6Ng\"]}]}<\/script>\n<!-- \/ Yoast SEO plugin. -->","yoast_head_json":{"title":"O GuruVet - Tudo o que voc\u00ea precisa em um s\u00f3 software | Guruvet","description":"Fa\u00e7a uma gest\u00e3o eficaz das suas marca\u00e7\u00f5es, agende o dia-a-dia de seus colaboradores, controle as finan\u00e7as de sua cl\u00ednica, verifique seus estoques e comunique-se com seus clientes, tudo no mesmo software.","robots":{"index":"index","follow":"follow","max-snippet":"max-snippet:-1","max-image-preview":"max-image-preview:large","max-video-preview":"max-video-preview:-1"},"canonical":"https:\/\/guruvet.com\/pt-br\/o-guruvet\/","og_locale":"pt_BR","og_type":"article","og_title":"O GuruVet - Tudo o que voc\u00ea precisa em um s\u00f3 software | Guruvet","og_description":"Fa\u00e7a uma gest\u00e3o eficaz das suas marca\u00e7\u00f5es, agende o dia-a-dia de seus colaboradores, controle as finan\u00e7as de sua cl\u00ednica, verifique seus estoques e comunique-se com seus clientes, tudo no mesmo software.","og_url":"https:\/\/guruvet.com\/pt-br\/o-guruvet\/","og_site_name":"GuruVet","article_publisher":"https:\/\/www.facebook.com\/guruvet.software\/","article_modified_time":"2022-05-10T10:50:43+00:00","twitter_card":"summary_large_image","twitter_misc":{"Est. tempo de leitura":"2 minutos"},"schema":{"@context":"https:\/\/schema.org","@graph":[{"@type":"WebPage","@id":"https:\/\/guruvet.com\/pt-br\/o-guruvet\/","url":"https:\/\/guruvet.com\/pt-br\/o-guruvet\/","name":"O GuruVet - Tudo o que voc\u00ea precisa em um s\u00f3 software | Guruvet","isPartOf":{"@id":"https:\/\/guruvet.com\/pt-pt\/#website"},"datePublished":"2017-09-29T10:41:39+00:00","dateModified":"2022-05-10T10:50:43+00:00","description":"Fa\u00e7a uma gest\u00e3o eficaz das suas marca\u00e7\u00f5es, agende o dia-a-dia de seus colaboradores, controle as finan\u00e7as de sua cl\u00ednica, verifique seus estoques e comunique-se com seus clientes, tudo no mesmo software.","breadcrumb":{"@id":"https:\/\/guruvet.com\/pt-br\/o-guruvet\/#breadcrumb"},"inLanguage":"pt-BR","potentialAction":[{"@type":"ReadAction","target":["https:\/\/guruvet.com\/pt-br\/o-guruvet\/"]}]},{"@type":"BreadcrumbList","@id":"https:\/\/guruvet.com\/pt-br\/o-guruvet\/#breadcrumb","itemListElement":[{"@type":"ListItem","position":1,"name":"In\u00edcio","item":"https:\/\/guruvet.com\/pt-pt\/"},{"@type":"ListItem","position":2,"name":"O GuruVet"}]},{"@type":"WebSite","@id":"https:\/\/guruvet.com\/pt-pt\/#website","url":"https:\/\/guruvet.com\/pt-pt\/","name":"GuruVet","description":"Software de Gest\u00e3o Cl\u00ednica Veterin\u00e1ria","publisher":{"@id":"https:\/\/guruvet.com\/pt-pt\/#organization"},"potentialAction":[{"@type":"SearchAction","target":{"@type":"EntryPoint","urlTemplate":"https:\/\/guruvet.com\/pt-pt\/?s={search_term_string}"},"query-input":"required name=search_term_string"}],"inLanguage":"pt-BR"},{"@type":"Organization","@id":"https:\/\/guruvet.com\/pt-pt\/#organization","name":"GuruVet - Software de Gest\u00e3o para Cl\u00ednicas e Centros Veterin\u00e1rios","url":"https:\/\/guruvet.com\/pt-pt\/","logo":{"@type":"ImageObject","inLanguage":"pt-BR","@id":"https:\/\/guruvet.com\/pt-pt\/#\/schema\/logo\/image\/","url":"https:\/\/guruvet.com\/wp-content\/uploads\/2017\/09\/logoguru-v2.png","contentUrl":"https:\/\/guruvet.com\/wp-content\/uploads\/2017\/09\/logoguru-v2.png","width":388,"height":180,"caption":"GuruVet - Software de Gest\u00e3o para Cl\u00ednicas e Centros Veterin\u00e1rios"},"image":{"@id":"https:\/\/guruvet.com\/pt-pt\/#\/schema\/logo\/image\/"},"sameAs":["https:\/\/www.facebook.com\/guruvet.software\/","https:\/\/www.youtube.com\/channel\/UCXBN4By8qb41-G4wIAfC6Ng"]}]}},"_links":{"self":[{"href":"https:\/\/guruvet.com\/pt-br\/wp-json\/wp\/v2\/pages\/3678"}],"collection":[{"href":"https:\/\/guruvet.com\/pt-br\/wp-json\/wp\/v2\/pages"}],"about":[{"href":"https:\/\/guruvet.com\/pt-br\/wp-json\/wp\/v2\/types\/page"}],"author":[{"embeddable":true,"href":"https:\/\/guruvet.com\/pt-br\/wp-json\/wp\/v2\/users\/2"}],"replies":[{"embeddable":true,"href":"https:\/\/guruvet.com\/pt-br\/wp-json\/wp\/v2\/comments?post=3678"}],"version-history":[{"count":6,"href":"https:\/\/guruvet.com\/pt-br\/wp-json\/wp\/v2\/pages\/3678\/revisions"}],"predecessor-version":[{"id":86104,"href":"https:\/\/guruvet.com\/pt-br\/wp-json\/wp\/v2\/pages\/3678\/revisions\/86104"}],"wp:attachment":[{"href":"https:\/\/guruvet.com\/pt-br\/wp-json\/wp\/v2\/media?parent=3678"}],"curies":[{"name":"wp","href":"https:\/\/api.w.org\/{rel}","templated":true}]}}