{"id":3774,"date":"2017-09-03T14:27:39","date_gmt":"2017-09-03T14:27:39","guid":{"rendered":"https:\/\/guruvet.com\/f-a-qs\/"},"modified":"2019-06-18T17:21:42","modified_gmt":"2019-06-18T17:21:42","slug":"faq","status":"publish","type":"page","link":"https:\/\/guruvet.com\/pt-br\/faq\/","title":{"rendered":"F.A.Q&#8217;s"},"content":{"rendered":"<\/div><\/div><\/div><!-- close content main div --><\/div><\/div><div id='av_section_1' class='avia-section main_color avia-section-default avia-no-shadow avia-bg-style-scroll   container_wrap sidebar_right' style='background-repeat: no-repeat; background-image: url(https:\/\/guruvet.com\/wp-content\/uploads\/2017\/02\/banner-top-1-1.jpg);background-attachment: scroll; background-position: top right;  '  data-section-bg-repeat='no-repeat' style='background-repeat: no-repeat; background-image: url(https:\/\/guruvet.com\/wp-content\/uploads\/2017\/02\/banner-top-1-1.jpg);background-attachment: scroll; background-position: top right;  ' ><div class='container' ><div class='template-page content  av-content-small alpha units'><div class='post-entry post-entry-type-page post-entry-3774'><div class='entry-content-wrapper clearfix'>\n<div style='padding-bottom:10px; color:#138072;' class='av-special-heading av-special-heading-h1 custom-color-heading blockquote modern-quote   '><h1 class='av-special-heading-tag '  itemprop=\"headline\"  >F.A.Q\u2019s<\/h1><div class='special-heading-border'><div class='special-heading-inner-border' style='border-color:#138072'><\/div><\/div><\/div>\n<div style=' margin-top:10px; margin-bottom:10px;'  class='hr hr-custom hr-left hr-icon-no  '><span class='hr-inner   inner-border-av-border-fat' style=' width:50px; border-color:#138072;' ><span class='hr-inner-style'><\/span><\/span><\/div>\n<\/div><\/div><\/div><!-- close content main div --><\/div><\/div><div id='after_section_1' class='main_color av_default_container_wrap container_wrap sidebar_right' style=' '   style=' ' ><div class='container' ><div class='template-page content  av-content-small alpha units'><div class='post-entry post-entry-type-page post-entry-3774'><div class='entry-content-wrapper clearfix'>\n<\/div><\/div><\/div><!-- close content main div --><\/div><\/div><div id='av_section_2' class='avia-section main_color avia-section-large avia-no-border-styling avia-bg-style-scroll   av-arrow-down-section container_wrap sidebar_right' style='background-color: #ffffff;  '   style='background-color: #ffffff;  ' ><div class='container' ><div class='template-page content  av-content-small alpha units'><div class='post-entry post-entry-type-page post-entry-3774'><div class='entry-content-wrapper clearfix'>\n<div class=\"flex_column av_one_full  flex_column_div av-zero-column-padding first  \" style='border-radius:0px; '><div class=\"togglecontainer   toggle_close_all \" >\n<section class=\"av_toggle_section\"  itemscope=\"itemscope\" itemtype=\"https:\/\/schema.org\/CreativeWork\"  >    <div class=\"single_toggle\" data-tags=\"{Todos} {Installation} {Misc} \"  >        <p data-fake-id=\"#toggle-id-1\" class=\"toggler \"  itemprop=\"headline\"   >Como fa\u00e7o para instalar o GuruVet?<span class=\"toggle_icon\" >        <span class=\"vert_icon\"><\/span><span class=\"hor_icon\"><\/span><\/span><\/p>        <div id=\"toggle-id-1-container\" class=\"toggle_wrap \"  >            <div class=\"toggle_content invers-color \"  itemprop=\"text\"   ><p>N\u00e3o se preocupe com isso! Como o GuruVet funciona na nuvem, basta entrar na p\u00e1gina\u00a0<a href=\"https:\/\/guruvet.com.br\/\">www.guruvet.com.br<\/a>\u00a0e inserir seu e-mail e senha. E voc\u00ea pode acessar de qualquer computador, tablet ou smartphone. Sem instala\u00e7\u00e3o, sem complica\u00e7\u00e3o!<\/p>\n            <\/div>        <\/div>    <\/div><\/section>\n<section class=\"av_toggle_section\"  itemscope=\"itemscope\" itemtype=\"https:\/\/schema.org\/CreativeWork\"  >    <div class=\"single_toggle\" data-tags=\"{Todos} {Installation} \"  >        <p data-fake-id=\"#toggle-id-2\" class=\"toggler \"  itemprop=\"headline\"   >Preciso comprar computadores novos para usar o GuruVet?<span class=\"toggle_icon\" >        <span class=\"vert_icon\"><\/span><span class=\"hor_icon\"><\/span><\/span><\/p>        <div id=\"toggle-id-2-container\" class=\"toggle_wrap \"  >            <div class=\"toggle_content invers-color \"  itemprop=\"text\"   ><p>Esta \u00e9 uma das vantagens do GuruVet. Voc\u00ea n\u00e3o precisa comprar servidores, computadores novos e gastar com outros programas, pois s\u00f3 precisamos que seu computador acesse a internet.<\/p>\n            <\/div>        <\/div>    <\/div><\/section>\n<section class=\"av_toggle_section\"  itemscope=\"itemscope\" itemtype=\"https:\/\/schema.org\/CreativeWork\"  >    <div class=\"single_toggle\" data-tags=\"{Todos} {Pricing} {Misc} \"  >        <p data-fake-id=\"#toggle-id-3\" class=\"toggler \"  itemprop=\"headline\"   >O que acontece se ficar sem internet?<span class=\"toggle_icon\" >        <span class=\"vert_icon\"><\/span><span class=\"hor_icon\"><\/span><\/span><\/p>        <div id=\"toggle-id-3-container\" class=\"toggle_wrap \"  >            <div class=\"toggle_content invers-color \"  itemprop=\"text\"   ><p>Por ser uma solu\u00e7\u00e3o na nuvem, o GuruVet depende da internet, mas ele funciona bem em redes 3G e 4G, por isso voc\u00ea poder\u00e1 acess\u00e1-lo at\u00e9 pelo tablet ou smartphone. Sugerimos que a cl\u00ednica tenha pacote de internet com mais de uma operadora, assim voc\u00ea minimiza o risco.<\/p>\n            <\/div>        <\/div>    <\/div><\/section>\n<section class=\"av_toggle_section\"  itemscope=\"itemscope\" itemtype=\"https:\/\/schema.org\/CreativeWork\"  >    <div class=\"single_toggle\" data-tags=\"{Todos} {Pricing} \"  >        <p data-fake-id=\"#toggle-id-4\" class=\"toggler \"  itemprop=\"headline\"   >Meus dados est\u00e3o seguros?<span class=\"toggle_icon\" >        <span class=\"vert_icon\"><\/span><span class=\"hor_icon\"><\/span><\/span><\/p>        <div id=\"toggle-id-4-container\" class=\"toggle_wrap \"  >            <div class=\"toggle_content invers-color \"  itemprop=\"text\"   ><p>Sim. Veja nossa pol\u00edtica de privacidade e termos de uso.<\/p>\n            <\/div>        <\/div>    <\/div><\/section>\n<section class=\"av_toggle_section\"  itemscope=\"itemscope\" itemtype=\"https:\/\/schema.org\/CreativeWork\"  >    <div class=\"single_toggle\" data-tags=\"{Todos} {Installation} {Misc} \"  >        <p data-fake-id=\"#toggle-id-5\" class=\"toggler \"  itemprop=\"headline\"   >O que \u00e9 um grupo de trabalho?<span class=\"toggle_icon\" >        <span class=\"vert_icon\"><\/span><span class=\"hor_icon\"><\/span><\/span><\/p>        <div id=\"toggle-id-5-container\" class=\"toggle_wrap \"  >            <div class=\"toggle_content invers-color \"  itemprop=\"text\"   ><p>O grupo de trabalho \u00e9 o nome que damos a sua base de dados em nossos servidores. Quando voc\u00ea assina o GuruVet criamos automaticamente um grupo de trabalho relacionado com sua cl\u00ednica (centro). Se decidir abrir uma filial, ser\u00e1 criado um novo centro no seu grupo de trabalho, assim voc\u00ea poder\u00e1 acompanhar suas cl\u00ednicas com o mesmo acesso.<\/p>\n<p><img fetchpriority=\"high\" decoding=\"async\" class=\"size-full wp-image-3786 aligncenter\" src=\"https:\/\/guruvet.com\/wp-content\/uploads\/2017\/02\/grupo-1-320x449.jpg\" alt=\"\" width=\"320\" height=\"449\" srcset=\"https:\/\/guruvet.com\/wp-content\/uploads\/2017\/02\/grupo-1-320x449.jpg 320w, https:\/\/guruvet.com\/wp-content\/uploads\/2017\/02\/grupo-1-320x449-214x300.jpg 214w\" sizes=\"(max-width: 320px) 100vw, 320px\" \/><\/p>\n            <\/div>        <\/div>    <\/div><\/section>\n<section class=\"av_toggle_section\"  itemscope=\"itemscope\" itemtype=\"https:\/\/schema.org\/CreativeWork\"  >    <div class=\"single_toggle\" data-tags=\"{Todos} {Pre Sales} \"  >        <p data-fake-id=\"#toggle-id-6\" class=\"toggler \"  itemprop=\"headline\"   >Por que o GuruVet \u00e9 \u201cmulticentros e multiempresas\u201d?<span class=\"toggle_icon\" >        <span class=\"vert_icon\"><\/span><span class=\"hor_icon\"><\/span><\/span><\/p>        <div id=\"toggle-id-6-container\" class=\"toggle_wrap \"  >            <div class=\"toggle_content invers-color \"  itemprop=\"text\"   ><p>A maior parte dos centros veterin\u00e1rios possui mais do que um CNPJ (empresa) no mesmo local f\u00edsico (centro): um para a cl\u00ednica e outro para o pet-shop, mas a maioria dos softwares veterin\u00e1rios n\u00e3o esta preparada para esta situa\u00e7\u00e3o. O GuruVet foi preparado para que voc\u00ea crie quantas empresas precisar no mesmo centro e v\u00e1rios centros (filiais) no mesmo grupo de trabalho.<\/p>\n<p><img decoding=\"async\" class=\"size-full wp-image-3787 aligncenter\" src=\"https:\/\/guruvet.com\/wp-content\/uploads\/2017\/02\/centroemp-2.png\" alt=\"\" width=\"1920\" height=\"646\" srcset=\"https:\/\/guruvet.com\/wp-content\/uploads\/2017\/02\/centroemp-2.png 1920w, https:\/\/guruvet.com\/wp-content\/uploads\/2017\/02\/centroemp-2-300x101.png 300w, https:\/\/guruvet.com\/wp-content\/uploads\/2017\/02\/centroemp-2-768x258.png 768w, https:\/\/guruvet.com\/wp-content\/uploads\/2017\/02\/centroemp-2-1030x347.png 1030w, https:\/\/guruvet.com\/wp-content\/uploads\/2017\/02\/centroemp-2-1500x505.png 1500w, https:\/\/guruvet.com\/wp-content\/uploads\/2017\/02\/centroemp-2-705x237.png 705w, https:\/\/guruvet.com\/wp-content\/uploads\/2017\/02\/centroemp-2-450x151.png 450w\" sizes=\"(max-width: 1920px) 100vw, 1920px\" \/><\/p>\n            <\/div>        <\/div>    <\/div><\/section>\n<section class=\"av_toggle_section\"  itemscope=\"itemscope\" itemtype=\"https:\/\/schema.org\/CreativeWork\"  >    <div class=\"single_toggle\" data-tags=\"{Todos} {Installation} {Pre Sales} \"  >        <p data-fake-id=\"#toggle-id-7\" class=\"toggler \"  itemprop=\"headline\"   >O GuruVet \u00e9 cobrado por computador?<span class=\"toggle_icon\" >        <span class=\"vert_icon\"><\/span><span class=\"hor_icon\"><\/span><\/span><\/p>        <div id=\"toggle-id-7-container\" class=\"toggle_wrap \"  >            <div class=\"toggle_content invers-color \"  itemprop=\"text\"   ><p>N\u00e3o. Como o sistema pode ser aberto em qualquer computador ou dispositivo m\u00f3vel a cobran\u00e7a \u00e9 por faixa de usu\u00e1rios. Cada usu\u00e1rio \u00e9 relacionado ao e-mail de um colaborador espec\u00edfico, como uma conta pessoal no sistema. Assim, ser\u00e1 considerado o n\u00famero de usu\u00e1rios ativos de cada centro para realizar a cobran\u00e7a.<\/p>\n            <\/div>        <\/div>    <\/div><\/section>\n<section class=\"av_toggle_section\"  itemscope=\"itemscope\" itemtype=\"https:\/\/schema.org\/CreativeWork\"  >    <div class=\"single_toggle\" data-tags=\"{Todos} {Pre Sales} {Pricing} \"  >        <p data-fake-id=\"#toggle-id-8\" class=\"toggler \"  itemprop=\"headline\"   >D\u00e1 para controlar as atividades dos meus colaboradores?<span class=\"toggle_icon\" >        <span class=\"vert_icon\"><\/span><span class=\"hor_icon\"><\/span><\/span><\/p>        <div id=\"toggle-id-8-container\" class=\"toggle_wrap \"  >            <div class=\"toggle_content invers-color \"  itemprop=\"text\"   ><p>Por ser um sistema na nuvem e para que voc\u00ea tenha maior seguran\u00e7a cada usu\u00e1rio do sistema possui um acesso exclusivo. Deste modo ser\u00e1 poss\u00edvel saber\u00a0<em>quem<\/em>\u00a0e\u00a0<em>quando<\/em>\u00a0as coisas foram feitas acabando com a hist\u00f3ria do \u201cn\u00e3o fui eu\u2026\u201d.<\/p>\n            <\/div>        <\/div>    <\/div><\/section>\n<\/div><\/div>\n<\/div><\/div><\/div><!-- close content main div --><\/div><div class='av-extra-border-element border-extra-arrow-down'><div class='av-extra-border-outer'><div class='av-extra-border-inner'  style='background-color:#ffffff;' ><\/div><\/div><\/div><\/div><div id='after_section_2' class='main_color av_default_container_wrap container_wrap sidebar_right' style=' '   style=' ' ><div class='container' ><div class='template-page content  av-content-small alpha units'><div class='post-entry post-entry-type-page post-entry-3774'><div class='entry-content-wrapper clearfix'>\n<\/div><\/div><\/div><!-- close content main div --><\/div><\/div><div id='contact' class='avia-section main_color avia-section-large avia-no-border-styling avia-bg-style-scroll   av-arrow-down-section container_wrap sidebar_right' style='background-color: #f2f2f2;  '   style='background-color: #f2f2f2;  ' ><div class='container' ><div class='template-page content  av-content-small alpha units'><div class='post-entry post-entry-type-page post-entry-3774'><div class='entry-content-wrapper clearfix'>\n<div class=\"flex_column av_one_half  flex_column_div av-zero-column-padding first  \" style='border-radius:0px; '><p><div style=' margin-top:0; margin-bottom:0;'  class='hr hr-custom hr-center hr-icon-no  '><span class='hr-inner   inner-border-av-border-fat' style=' width:50px; border-color:#f2f2f2;' ><span class='hr-inner-style'><\/span><\/span><\/div><br \/>\n<div style='padding-bottom:10px; color:#118b7d;font-size:40px;' class='av-special-heading av-special-heading-h1 custom-color-heading blockquote modern-quote modern-centered   av-inherit-size '><h1 class='av-special-heading-tag '  itemprop=\"headline\"  >Fale conosco!<\/h1><div class='special-heading-border'><div class='special-heading-inner-border' style='border-color:#118b7d'><\/div><\/div><\/div><br \/>\n<section class=\"av_textblock_section \"  itemscope=\"itemscope\" itemtype=\"https:\/\/schema.org\/CreativeWork\" ><div class='avia_textblock  av_inherit_color '  style='color:#999999; '  itemprop=\"text\" ><p style=\"text-align: center;\">A equipe GuruVet est\u00e1 \u00e0 disposi\u00e7\u00e3o para esclarecer todas as suas d\u00favidas.<br \/>\nNossos hor\u00e1rios: todos os dias \u00fateis das 10h \u00e0s 12h30 e das 14h \u00e0s 18h00.<\/p>\n<p style=\"text-align: center;\"><img decoding=\"async\" class=\"alignnone wp-image-82934 size-full\" src=\"https:\/\/guruvet.com\/wp-content\/uploads\/2018\/03\/Guru_Salta.gif\" alt=\"\" width=\"100\" height=\"85\" \/><\/p>\n<h4><\/h4>\n<\/div><\/section><\/p><\/div><div class=\"flex_column av_one_half  flex_column_div av-zero-column-padding   \" style='border-radius:0px; '><p><div style=' margin-top:0; margin-bottom:0;'  class='hr hr-custom hr-center hr-icon-no  '><span class='hr-inner   inner-border-av-border-fat' style=' width:50px; border-color:#f2f2f2;' ><span class='hr-inner-style'><\/span><\/span><\/div><br \/>\n<section class=\"avia_codeblock_section  avia_code_block_0\"  itemscope=\"itemscope\" itemtype=\"https:\/\/schema.org\/CreativeWork\" ><div class='avia_codeblock '  itemprop=\"text\" > [avia_codeblock_placeholder uid=\"0\"] <\/div><\/section><\/p><\/div><\/div><\/div><\/div><!-- close content main div --><\/div><div class='av-extra-border-element border-extra-arrow-down'><div class='av-extra-border-outer'><div class='av-extra-border-inner'  style='background-color:#f2f2f2;' ><\/div><\/div><\/div><\/div><div id='after_section_3' class='main_color av_default_container_wrap container_wrap sidebar_right' style=' '   style=' ' ><div class='container' ><div class='template-page content  av-content-small alpha units'><div class='post-entry post-entry-type-page post-entry-3774'><div class='entry-content-wrapper clearfix'>\n","protected":false},"excerpt":{"rendered":"","protected":false},"author":2,"featured_media":0,"parent":0,"menu_order":0,"comment_status":"closed","ping_status":"closed","template":"","meta":{"_mi_skip_tracking":false},"yoast_head":"<!-- This site is optimized with the Yoast SEO plugin v20.1 - https:\/\/yoast.com\/wordpress\/plugins\/seo\/ -->\n<title>F.A.Q&#039;s - D\u00favidas e Perguntas Frequentes | Guruvet<\/title>\n<meta name=\"description\" content=\"Consulte as perguntas mais frequentes, tire as suas d\u00favidas relativas ao funcionamento do software GuruVet, com respostas intuitivas.\" \/>\n<meta name=\"robots\" content=\"index, follow, max-snippet:-1, max-image-preview:large, max-video-preview:-1\" \/>\n<link rel=\"canonical\" href=\"https:\/\/guruvet.com\/pt-br\/faq\/\" \/>\n<meta property=\"og:locale\" content=\"pt_BR\" \/>\n<meta property=\"og:type\" content=\"article\" \/>\n<meta property=\"og:title\" content=\"F.A.Q&#039;s - D\u00favidas e Perguntas Frequentes | Guruvet\" \/>\n<meta property=\"og:description\" content=\"Consulte as perguntas mais frequentes, tire as suas d\u00favidas relativas ao funcionamento do software GuruVet, com respostas intuitivas.\" \/>\n<meta property=\"og:url\" content=\"https:\/\/guruvet.com\/pt-br\/faq\/\" \/>\n<meta property=\"og:site_name\" content=\"GuruVet\" \/>\n<meta property=\"article:publisher\" content=\"https:\/\/www.facebook.com\/guruvet.software\/\" \/>\n<meta property=\"article:modified_time\" content=\"2019-06-18T17:21:42+00:00\" \/>\n<meta property=\"og:image\" content=\"https:\/\/guruvet.com\/wp-content\/uploads\/2017\/02\/grupo-1-320x449.jpg\" \/>\n<meta name=\"twitter:card\" content=\"summary_large_image\" \/>\n<meta name=\"twitter:label1\" content=\"Est. tempo de leitura\" \/>\n\t<meta name=\"twitter:data1\" content=\"6 minutos\" \/>\n<script type=\"application\/ld+json\" class=\"yoast-schema-graph\">{\"@context\":\"https:\/\/schema.org\",\"@graph\":[{\"@type\":\"WebPage\",\"@id\":\"https:\/\/guruvet.com\/pt-br\/faq\/\",\"url\":\"https:\/\/guruvet.com\/pt-br\/faq\/\",\"name\":\"F.A.Q's - D\u00favidas e Perguntas Frequentes | Guruvet\",\"isPartOf\":{\"@id\":\"https:\/\/guruvet.com\/pt-pt\/#website\"},\"datePublished\":\"2017-09-03T14:27:39+00:00\",\"dateModified\":\"2019-06-18T17:21:42+00:00\",\"description\":\"Consulte as perguntas mais frequentes, tire as suas d\u00favidas relativas ao funcionamento do software GuruVet, com respostas intuitivas.\",\"breadcrumb\":{\"@id\":\"https:\/\/guruvet.com\/pt-br\/faq\/#breadcrumb\"},\"inLanguage\":\"pt-BR\",\"potentialAction\":[{\"@type\":\"ReadAction\",\"target\":[\"https:\/\/guruvet.com\/pt-br\/faq\/\"]}]},{\"@type\":\"BreadcrumbList\",\"@id\":\"https:\/\/guruvet.com\/pt-br\/faq\/#breadcrumb\",\"itemListElement\":[{\"@type\":\"ListItem\",\"position\":1,\"name\":\"In\u00edcio\",\"item\":\"https:\/\/guruvet.com\/pt-pt\/\"},{\"@type\":\"ListItem\",\"position\":2,\"name\":\"F.A.Q&#8217;s\"}]},{\"@type\":\"WebSite\",\"@id\":\"https:\/\/guruvet.com\/pt-pt\/#website\",\"url\":\"https:\/\/guruvet.com\/pt-pt\/\",\"name\":\"GuruVet\",\"description\":\"Software de Gest\u00e3o Cl\u00ednica Veterin\u00e1ria\",\"publisher\":{\"@id\":\"https:\/\/guruvet.com\/pt-pt\/#organization\"},\"potentialAction\":[{\"@type\":\"SearchAction\",\"target\":{\"@type\":\"EntryPoint\",\"urlTemplate\":\"https:\/\/guruvet.com\/pt-pt\/?s={search_term_string}\"},\"query-input\":\"required name=search_term_string\"}],\"inLanguage\":\"pt-BR\"},{\"@type\":\"Organization\",\"@id\":\"https:\/\/guruvet.com\/pt-pt\/#organization\",\"name\":\"GuruVet - Software de Gest\u00e3o para Cl\u00ednicas e Centros Veterin\u00e1rios\",\"url\":\"https:\/\/guruvet.com\/pt-pt\/\",\"logo\":{\"@type\":\"ImageObject\",\"inLanguage\":\"pt-BR\",\"@id\":\"https:\/\/guruvet.com\/pt-pt\/#\/schema\/logo\/image\/\",\"url\":\"https:\/\/guruvet.com\/wp-content\/uploads\/2017\/09\/logoguru-v2.png\",\"contentUrl\":\"https:\/\/guruvet.com\/wp-content\/uploads\/2017\/09\/logoguru-v2.png\",\"width\":388,\"height\":180,\"caption\":\"GuruVet - Software de Gest\u00e3o para Cl\u00ednicas e Centros Veterin\u00e1rios\"},\"image\":{\"@id\":\"https:\/\/guruvet.com\/pt-pt\/#\/schema\/logo\/image\/\"},\"sameAs\":[\"https:\/\/www.facebook.com\/guruvet.software\/\",\"https:\/\/www.youtube.com\/channel\/UCXBN4By8qb41-G4wIAfC6Ng\"]}]}<\/script>\n<!-- \/ Yoast SEO plugin. -->","yoast_head_json":{"title":"F.A.Q's - D\u00favidas e Perguntas Frequentes | Guruvet","description":"Consulte as perguntas mais frequentes, tire as suas d\u00favidas relativas ao funcionamento do software GuruVet, com respostas intuitivas.","robots":{"index":"index","follow":"follow","max-snippet":"max-snippet:-1","max-image-preview":"max-image-preview:large","max-video-preview":"max-video-preview:-1"},"canonical":"https:\/\/guruvet.com\/pt-br\/faq\/","og_locale":"pt_BR","og_type":"article","og_title":"F.A.Q's - D\u00favidas e Perguntas Frequentes | Guruvet","og_description":"Consulte as perguntas mais frequentes, tire as suas d\u00favidas relativas ao funcionamento do software GuruVet, com respostas intuitivas.","og_url":"https:\/\/guruvet.com\/pt-br\/faq\/","og_site_name":"GuruVet","article_publisher":"https:\/\/www.facebook.com\/guruvet.software\/","article_modified_time":"2019-06-18T17:21:42+00:00","og_image":[{"url":"https:\/\/guruvet.com\/wp-content\/uploads\/2017\/02\/grupo-1-320x449.jpg"}],"twitter_card":"summary_large_image","twitter_misc":{"Est. tempo de leitura":"6 minutos"},"schema":{"@context":"https:\/\/schema.org","@graph":[{"@type":"WebPage","@id":"https:\/\/guruvet.com\/pt-br\/faq\/","url":"https:\/\/guruvet.com\/pt-br\/faq\/","name":"F.A.Q's - D\u00favidas e Perguntas Frequentes | Guruvet","isPartOf":{"@id":"https:\/\/guruvet.com\/pt-pt\/#website"},"datePublished":"2017-09-03T14:27:39+00:00","dateModified":"2019-06-18T17:21:42+00:00","description":"Consulte as perguntas mais frequentes, tire as suas d\u00favidas relativas ao funcionamento do software GuruVet, com respostas intuitivas.","breadcrumb":{"@id":"https:\/\/guruvet.com\/pt-br\/faq\/#breadcrumb"},"inLanguage":"pt-BR","potentialAction":[{"@type":"ReadAction","target":["https:\/\/guruvet.com\/pt-br\/faq\/"]}]},{"@type":"BreadcrumbList","@id":"https:\/\/guruvet.com\/pt-br\/faq\/#breadcrumb","itemListElement":[{"@type":"ListItem","position":1,"name":"In\u00edcio","item":"https:\/\/guruvet.com\/pt-pt\/"},{"@type":"ListItem","position":2,"name":"F.A.Q&#8217;s"}]},{"@type":"WebSite","@id":"https:\/\/guruvet.com\/pt-pt\/#website","url":"https:\/\/guruvet.com\/pt-pt\/","name":"GuruVet","description":"Software de Gest\u00e3o Cl\u00ednica Veterin\u00e1ria","publisher":{"@id":"https:\/\/guruvet.com\/pt-pt\/#organization"},"potentialAction":[{"@type":"SearchAction","target":{"@type":"EntryPoint","urlTemplate":"https:\/\/guruvet.com\/pt-pt\/?s={search_term_string}"},"query-input":"required name=search_term_string"}],"inLanguage":"pt-BR"},{"@type":"Organization","@id":"https:\/\/guruvet.com\/pt-pt\/#organization","name":"GuruVet - Software de Gest\u00e3o para Cl\u00ednicas e Centros Veterin\u00e1rios","url":"https:\/\/guruvet.com\/pt-pt\/","logo":{"@type":"ImageObject","inLanguage":"pt-BR","@id":"https:\/\/guruvet.com\/pt-pt\/#\/schema\/logo\/image\/","url":"https:\/\/guruvet.com\/wp-content\/uploads\/2017\/09\/logoguru-v2.png","contentUrl":"https:\/\/guruvet.com\/wp-content\/uploads\/2017\/09\/logoguru-v2.png","width":388,"height":180,"caption":"GuruVet - Software de Gest\u00e3o para Cl\u00ednicas e Centros Veterin\u00e1rios"},"image":{"@id":"https:\/\/guruvet.com\/pt-pt\/#\/schema\/logo\/image\/"},"sameAs":["https:\/\/www.facebook.com\/guruvet.software\/","https:\/\/www.youtube.com\/channel\/UCXBN4By8qb41-G4wIAfC6Ng"]}]}},"_links":{"self":[{"href":"https:\/\/guruvet.com\/pt-br\/wp-json\/wp\/v2\/pages\/3774"}],"collection":[{"href":"https:\/\/guruvet.com\/pt-br\/wp-json\/wp\/v2\/pages"}],"about":[{"href":"https:\/\/guruvet.com\/pt-br\/wp-json\/wp\/v2\/types\/page"}],"author":[{"embeddable":true,"href":"https:\/\/guruvet.com\/pt-br\/wp-json\/wp\/v2\/users\/2"}],"replies":[{"embeddable":true,"href":"https:\/\/guruvet.com\/pt-br\/wp-json\/wp\/v2\/comments?post=3774"}],"version-history":[{"count":3,"href":"https:\/\/guruvet.com\/pt-br\/wp-json\/wp\/v2\/pages\/3774\/revisions"}],"predecessor-version":[{"id":84378,"href":"https:\/\/guruvet.com\/pt-br\/wp-json\/wp\/v2\/pages\/3774\/revisions\/84378"}],"wp:attachment":[{"href":"https:\/\/guruvet.com\/pt-br\/wp-json\/wp\/v2\/media?parent=3774"}],"curies":[{"name":"wp","href":"https:\/\/api.w.org\/{rel}","templated":true}]}}